{"id":1915,"date":"2022-05-03T07:58:47","date_gmt":"2022-05-03T05:58:47","guid":{"rendered":"http:\/\/asolaa.ac.at\/wordpress\/?page_id=1915"},"modified":"2024-11-21T17:29:23","modified_gmt":"2024-11-21T16:29:23","slug":"tagesbetreuung","status":"publish","type":"page","link":"https:\/\/asolaa.ac.at\/wordpress\/tagesbetreuung\/","title":{"rendered":"TAGESBETREUUNG"},"content":{"rendered":"<div class=\"wpb-content-wrapper\"><p>[vc_row][vc_column][vc_column_text css=&#8220;&#8220;]Wir bieten\u00a0<strong>an f\u00fcnf Tagen <\/strong><strong>pro Woche<\/strong> <strong>Nachmittagsbetreuung<\/strong> an.<\/p>\n<p>Die Freizeitp\u00e4dagoginnen <strong>Petra SCHUSTER <\/strong>und<strong> Lenka LU\u010cANOV\u00c1 <\/strong>betreuen\u00a0die Kinder. Die Lernstunde halten abwechselnd Lehrerinnen unserer Schule.<\/p>\n<p>Die Kinder bekommen frisch zubereitetes Mittagessen vom Gasthaus Winkelau.[\/vc_column_text][\/vc_column][\/vc_row][vc_row][vc_column width=&#8220;1\/2&#8243;][vc_column_text css=&#8220;.vc_custom_1655732470696{margin-top: -16px !important;}&#8220;]<div class='w3eden'><!-- WPDM Link Template: Default Template -->\n\n<div class=\"link-template-default card mb-2\">\n    <div class=\"card-body\">\n        <div class=\"media\">\n            <div class=\"mr-3 img-48\"><img decoding=\"async\" class=\"wpdm_icon\" alt=\"Icon\"   src=\"http:\/\/asolaa.ac.at\/wordpress\/wp-content\/plugins\/download-manager\/assets\/file-type-icons\/pdf.png\" \/><\/div>\n            <div class=\"media-body\">\n                <h3 class=\"package-title\"><a href='https:\/\/asolaa.ac.at\/wordpress\/download\/menueplan-mai\/'>Men\u00fcplan Mai<\/a><\/h3>\n                <div class=\"text-muted text-small\"><i class=\"fas fa-copy\"><\/i> 1 Datei(en) <i class=\"fas fa-hdd ml-3\"><\/i> 130 kB<\/div>\n            <\/div>\n            <div class=\"ml-3\">\n                <a class='wpdm-download-link download-on-click btn btn-primary ' rel='nofollow' href='#' data-downloadurl=\"https:\/\/asolaa.ac.at\/wordpress\/download\/menueplan-mai\/?wpdmdl=1894&refresh=69f7041f796a31777796127\">Download<\/a>\n            <\/div>\n        <\/div>\n    <\/div>\n<\/div>\n\n<\/div>[\/vc_column_text][\/vc_column][vc_column width=&#8220;1\/2&#8243;][\/vc_column][\/vc_row][vc_row][vc_column][vc_column_text css=&#8220;&#8220;]Der Nachmittag ist unterteilt in <strong>Lern- und Freizeit<\/strong>, wobei bei Letzterer versucht wird, sie abwechslungsreich im Jahreskreis zu gestalten. So basteln, malen und handarbeiten die Kinder, sie spielen Gesellschafts- und Bewegungsspiele drinnen und drau\u00dfen \u2013 ja und manchmal machen sie auch kleine Erkundungstouren!<\/p>\n<p><strong>F\u00fcr alle Interessierten haben wir folgende Informationen:<\/strong><br \/>\nDie Nachmittagsbetreuung findet an 5 Tagen\/Woche (Montag bis Freitag) statt.<br \/>\nEs gibt die M\u00f6glichkeit, Ihr Kind nur ein, zwei oder drei Tage in der Woche f\u00fcr die Nachmittagsbetreuung anzumelden.<br \/>\nDie Betreuung kann bis 16.15 Uhr stattfinden. Sollte Ihr Kind die Gruppe fr\u00fcher verlassen wollen, teilen Sie uns das bitte mit. Kinder, die mit dem Taxiunternehmen Schiefer transportiert werden, werden um 16.00 Uhr von der Schule abgeholt und nach Hause gebracht.<\/p>\n<p>\u00dcbrigens: Sie k\u00f6nnen Ihr Kind jederzeit anmelden \u2013 also auch w\u00e4hrend des Schuljahres!<\/p>\n<p>Zu Fragen der Kosten geben wir gerne telefonisch Auskunft &#8211; 02522\/8303. \ud83d\ude0a[\/vc_column_text][\/vc_column][\/vc_row]<\/p>\n<\/div>","protected":false},"excerpt":{"rendered":"<p>[vc_row][vc_column][vc_column_text css=&#8220;&#8220;]Wir bieten\u00a0an f\u00fcnf Tagen pro Woche Nachmittagsbetreuung an. Die Freizeitp\u00e4dagoginnen Petra SCHUSTER und Lenka LU\u010cANOV\u00c1 betreuen\u00a0die Kinder. Die Lernstunde halten abwechselnd Lehrerinnen unserer Schule. Die Kinder bekommen frisch zubereitetes Mittagessen vom Gasthaus Winkelau.[\/vc_column_text][\/vc_column][\/vc_row][vc_row][vc_column width=&#8220;1\/2&#8243;][vc_column_text css=&#8220;.vc_custom_1655732470696{margin-top: -16px !important;}&#8220;][\/vc_column_text][\/vc_column][vc_column width=&#8220;1\/2&#8243;][\/vc_column][\/vc_row][vc_row][vc_column][vc_column_text css=&#8220;&#8220;]Der Nachmittag ist unterteilt in Lern- und Freizeit, wobei bei Letzterer versucht wird, sie abwechslungsreich im&hellip;<\/p>\n","protected":false},"author":1,"featured_media":0,"parent":0,"menu_order":0,"comment_status":"closed","ping_status":"closed","template":"","meta":{"footnotes":""},"class_list":["post-1915","page","type-page","status-publish","hentry","description-off"],"aioseo_notices":[],"_links":{"self":[{"href":"https:\/\/asolaa.ac.at\/wordpress\/wp-json\/wp\/v2\/pages\/1915","targetHints":{"allow":["GET"]}}],"collection":[{"href":"https:\/\/asolaa.ac.at\/wordpress\/wp-json\/wp\/v2\/pages"}],"about":[{"href":"https:\/\/asolaa.ac.at\/wordpress\/wp-json\/wp\/v2\/types\/page"}],"author":[{"embeddable":true,"href":"https:\/\/asolaa.ac.at\/wordpress\/wp-json\/wp\/v2\/users\/1"}],"replies":[{"embeddable":true,"href":"https:\/\/asolaa.ac.at\/wordpress\/wp-json\/wp\/v2\/comments?post=1915"}],"version-history":[{"count":18,"href":"https:\/\/asolaa.ac.at\/wordpress\/wp-json\/wp\/v2\/pages\/1915\/revisions"}],"predecessor-version":[{"id":57671,"href":"https:\/\/asolaa.ac.at\/wordpress\/wp-json\/wp\/v2\/pages\/1915\/revisions\/57671"}],"wp:attachment":[{"href":"https:\/\/asolaa.ac.at\/wordpress\/wp-json\/wp\/v2\/media?parent=1915"}],"curies":[{"name":"wp","href":"https:\/\/api.w.org\/{rel}","templated":true}]}}