{"id":363,"date":"2016-01-29T09:51:22","date_gmt":"2016-01-29T09:51:22","guid":{"rendered":"https:\/\/the7.io\/beauty-studio\/?page_id=2"},"modified":"2025-12-04T08:10:27","modified_gmt":"2025-12-04T07:10:27","slug":"home","status":"publish","type":"page","link":"https:\/\/asolaa.ac.at\/wordpress\/","title":{"rendered":"HOME"},"content":{"rendered":"<div class=\"wpb-content-wrapper\"><p>[vc_row css=&#8220;.vc_custom_1655398284143{margin-top: 36px !important;padding-top: 8px !important;}&#8220;][vc_column width=&#8220;1\/2&#8243;][vc_column_text css=&#8220;.vc_custom_1655399236377{margin-top: 8px !important;margin-bottom: 0px !important;border-bottom-width: 0px !important;padding-bottom: 0px !important;}&#8220;]<\/p>\n<p class=\"has-large-font-size\" style=\"text-align: center;\">aktueller <strong>BERICHT<\/strong><\/p>\n<p>[\/vc_column_text][vc_separator color=&#8220;custom&#8220; border_width=&#8220;2&#8243; el_width=&#8220;40&#8243; css=&#8220;.vc_custom_1655398965301{margin-top: 0px !important;border-top-width: 6px !important;padding-top: 6px !important;}&#8220; accent_color=&#8220;#fbbf23&#8243;][vc_row_inner css=&#8220;.vc_custom_1655398930615{margin-top: -10px !important;}&#8220;][vc_column_inner]<style type=\"text\/css\" data-type=\"the7_shortcodes-inline-css\">.blog-shortcode.blog-masonry-shortcode-id-9c7148ac66a67942ccc667346d67adc3.dividers-on.classic-layout-list article {\n  padding-top: 0;\n}\n.blog-shortcode.blog-masonry-shortcode-id-9c7148ac66a67942ccc667346d67adc3.dividers-on.classic-layout-list article:first-of-type {\n  margin-top: 0;\n  padding-top: 0;\n}\n.blog-shortcode.blog-masonry-shortcode-id-9c7148ac66a67942ccc667346d67adc3.classic-layout-list.mode-list .post-entry-content {\n  width: calc(100% - );\n}\n.blog-shortcode.blog-masonry-shortcode-id-9c7148ac66a67942ccc667346d67adc3.classic-layout-list.mode-list .no-img .post-entry-content {\n  width: 100%;\n}\n.blog-shortcode.blog-masonry-shortcode-id-9c7148ac66a67942ccc667346d67adc3 .filter-bg-decoration .filter-categories a.act {\n  color: #fff;\n}\n.blog-shortcode.blog-masonry-shortcode-id-9c7148ac66a67942ccc667346d67adc3:not(.mode-masonry) article:first-of-type,\n.blog-shortcode.blog-masonry-shortcode-id-9c7148ac66a67942ccc667346d67adc3:not(.mode-masonry) article.visible.first:not(.product) {\n  margin-top: 0;\n}\n.blog-shortcode.blog-masonry-shortcode-id-9c7148ac66a67942ccc667346d67adc3.dividers-on:not(.mode-masonry) article {\n  margin-top: 0;\n}\n.blog-shortcode.blog-masonry-shortcode-id-9c7148ac66a67942ccc667346d67adc3.dividers-on:not(.mode-masonry) article:first-of-type,\n.blog-shortcode.blog-masonry-shortcode-id-9c7148ac66a67942ccc667346d67adc3.dividers-on:not(.mode-masonry) article.visible.first:not(.product) {\n  margin-top: 0;\n  padding-top: 0;\n}\n.blog-shortcode.blog-masonry-shortcode-id-9c7148ac66a67942ccc667346d67adc3 .post-thumbnail-wrap {\n  padding: 20px 20px 0px 20px;\n}\n.blog-shortcode.blog-masonry-shortcode-id-9c7148ac66a67942ccc667346d67adc3.enable-bg-rollover .post-thumbnail-rollover:after {\n  background: -webkit-linear-gradient();\n  background: linear-gradient();\n}\n.blog-shortcode.blog-masonry-shortcode-id-9c7148ac66a67942ccc667346d67adc3 .gallery-zoom-ico {\n  width: 44px;\n  height: 44px;\n  line-height: 44px;\n  border-radius: 100px;\n  margin: -22px 0 0 -22px;\n  border-width: 0px;\n  color: #ffffff;\n}\n.bottom-overlap-layout-list.blog-shortcode.blog-masonry-shortcode-id-9c7148ac66a67942ccc667346d67adc3 .gallery-zoom-ico {\n  margin-top: -72px;\n}\n.gradient-overlay-layout-list.blog-shortcode.blog-masonry-shortcode-id-9c7148ac66a67942ccc667346d67adc3 .gallery-zoom-ico,\n.content-rollover-layout-list.blog-shortcode.blog-masonry-shortcode-id-9c7148ac66a67942ccc667346d67adc3 .gallery-zoom-ico {\n  margin: 0 0 10px;\n}\n.content-align-center.gradient-overlay-layout-list.blog-shortcode.blog-masonry-shortcode-id-9c7148ac66a67942ccc667346d67adc3 .gallery-zoom-ico,\n.content-align-center.content-rollover-layout-list.blog-shortcode.blog-masonry-shortcode-id-9c7148ac66a67942ccc667346d67adc3 .gallery-zoom-ico {\n  margin: 0 auto 10px;\n}\n.dt-icon-bg-on.blog-shortcode.blog-masonry-shortcode-id-9c7148ac66a67942ccc667346d67adc3 .gallery-zoom-ico {\n  background: rgba(255,255,255,0.3);\n  box-shadow: none;\n}\n.blog-shortcode.blog-masonry-shortcode-id-9c7148ac66a67942ccc667346d67adc3 .gallery-zoom-ico > span,\n.blog-shortcode.blog-masonry-shortcode-id-9c7148ac66a67942ccc667346d67adc3 .gallery-zoom-ico:before {\n  font-size: 32px;\n  line-height: 44px;\n}\n.blog-shortcode.blog-masonry-shortcode-id-9c7148ac66a67942ccc667346d67adc3 .gallery-zoom-ico > span,\n.blog-shortcode.blog-masonry-shortcode-id-9c7148ac66a67942ccc667346d67adc3 .gallery-zoom-ico:before {\n  color: #ffffff;\n}\n.blog-shortcode.blog-masonry-shortcode-id-9c7148ac66a67942ccc667346d67adc3 .entry-title,\n.blog-shortcode.blog-masonry-shortcode-id-9c7148ac66a67942ccc667346d67adc3.owl-carousel .entry-title {\n  margin-bottom: 5px;\n  font-weight: bold;\n}\n.blog-shortcode.blog-masonry-shortcode-id-9c7148ac66a67942ccc667346d67adc3 .entry-meta {\n  margin-bottom: 15px;\n}\n.blog-shortcode.blog-masonry-shortcode-id-9c7148ac66a67942ccc667346d67adc3 .portfolio-categories {\n  margin-bottom: 15px;\n}\n.blog-shortcode.blog-masonry-shortcode-id-9c7148ac66a67942ccc667346d67adc3 .entry-excerpt {\n  margin-bottom: 5px;\n  font-size: 18px;\n  line-height: 24px;\n}\n.blog-shortcode.blog-masonry-shortcode-id-9c7148ac66a67942ccc667346d67adc3:not(.centered-layout-list) .post-entry-content {\n  padding: 10px 10px 20px 20px;\n}\n.blog-shortcode.blog-masonry-shortcode-id-9c7148ac66a67942ccc667346d67adc3:not(.centered-layout-list):not(.content-bg-on):not(.mode-list) .no-img .post-entry-content {\n  padding: 0;\n}\n@media screen and (max-width: ) {\n  .blog-shortcode.blog-masonry-shortcode-id-9c7148ac66a67942ccc667346d67adc3 article {\n    -ms-flex-flow: column nowrap;\n    flex-flow: column nowrap;\n    margin-top: 20px;\n  }\n  .blog-shortcode.blog-masonry-shortcode-id-9c7148ac66a67942ccc667346d67adc3.dividers-on article {\n    border: none;\n  }\n  .blog-shortcode.blog-masonry-shortcode-id-9c7148ac66a67942ccc667346d67adc3.content-bg-on.centered-layout-list article {\n    padding: 0;\n  }\n  .blog-shortcode.blog-masonry-shortcode-id-9c7148ac66a67942ccc667346d67adc3.blog-shortcode.dividers-on article,\n  .blog-shortcode.blog-masonry-shortcode-id-9c7148ac66a67942ccc667346d67adc3.dividers-on.classic-layout-list article {\n    margin-top: 20px;\n    padding: 0;\n  }\n  .blog-shortcode.blog-masonry-shortcode-id-9c7148ac66a67942ccc667346d67adc3.blog-shortcode.dividers-on article:first-of-type,\n  .blog-shortcode.blog-masonry-shortcode-id-9c7148ac66a67942ccc667346d67adc3.dividers-on.classic-layout-list article:first-of-type {\n    padding: 0;\n  }\n  #page .blog-shortcode.blog-masonry-shortcode-id-9c7148ac66a67942ccc667346d67adc3 .post-thumbnail-wrap,\n  #page .blog-shortcode.blog-masonry-shortcode-id-9c7148ac66a67942ccc667346d67adc3 .post-entry-content {\n    width: 100%;\n    margin: 0;\n    top: 0;\n  }\n  #page .blog-shortcode.blog-masonry-shortcode-id-9c7148ac66a67942ccc667346d67adc3 .post-thumbnail-wrap {\n    padding: 0;\n  }\n  #page .blog-shortcode.blog-masonry-shortcode-id-9c7148ac66a67942ccc667346d67adc3 .post-entry-content:after {\n    display: none;\n  }\n  #page .blog-shortcode.blog-masonry-shortcode-id-9c7148ac66a67942ccc667346d67adc3 .project-even .post-thumbnail-wrap,\n  #page .blog-shortcode.blog-masonry-shortcode-id-9c7148ac66a67942ccc667346d67adc3.centered-layout-list .post-thumbnail-wrap {\n    -ms-flex-order: 0;\n    order: 0;\n  }\n  #page .blog-shortcode.blog-masonry-shortcode-id-9c7148ac66a67942ccc667346d67adc3.centered-layout-list .post-entry-title-content {\n    -ms-flex-order: 1;\n    order: 1;\n    width: 100%;\n    padding: 20px 20px 0;\n  }\n  #page .blog-shortcode.blog-masonry-shortcode-id-9c7148ac66a67942ccc667346d67adc3.centered-layout-list .post-entry-content {\n    -ms-flex-order: 2;\n    order: 2;\n    padding-top: 0;\n  }\n  #page .blog-shortcode.blog-masonry-shortcode-id-9c7148ac66a67942ccc667346d67adc3 .fancy-categories {\n    top: 10px;\n    left: 10px;\n    bottom: auto;\n    right: auto;\n  }\n  #page .blog-shortcode.blog-masonry-shortcode-id-9c7148ac66a67942ccc667346d67adc3 .fancy-date a {\n    top: 10px;\n    right: 10px;\n    left: auto;\n    bottom: auto;\n  }\n  #page .blog-shortcode.blog-masonry-shortcode-id-9c7148ac66a67942ccc667346d67adc3 .post-entry-content {\n    padding: 20px;\n  }\n  #page .blog-shortcode.blog-masonry-shortcode-id-9c7148ac66a67942ccc667346d67adc3 .entry-title {\n    margin: 3px 0 5px;\n    font-size: 20px;\n    line-height: 26px;\n  }\n  #page .blog-shortcode.blog-masonry-shortcode-id-9c7148ac66a67942ccc667346d67adc3 .entry-meta {\n    margin: 5px 0 5px;\n  }\n  #page .blog-shortcode.blog-masonry-shortcode-id-9c7148ac66a67942ccc667346d67adc3 .entry-excerpt {\n    margin: 15px 0 0;\n  }\n  #page .blog-shortcode.blog-masonry-shortcode-id-9c7148ac66a67942ccc667346d67adc3 .post-details {\n    margin: 5px 0 10px;\n  }\n  #page .blog-shortcode.blog-masonry-shortcode-id-9c7148ac66a67942ccc667346d67adc3 .post-details.details-type-link {\n    margin-bottom: 2px;\n  }\n}\n.blog-shortcode.blog-masonry-shortcode-id-9c7148ac66a67942ccc667346d67adc3:not(.resize-by-browser-width) .dt-css-grid {\n  grid-row-gap: 30px;\n  grid-column-gap: 30px;\n  grid-template-columns: repeat(auto-fill,minmax(,1fr));\n}\n.blog-shortcode.blog-masonry-shortcode-id-9c7148ac66a67942ccc667346d67adc3:not(.resize-by-browser-width) .dt-css-grid .double-width {\n  grid-column: span 2;\n}\n.cssgridlegacy.no-cssgrid .blog-shortcode.blog-masonry-shortcode-id-9c7148ac66a67942ccc667346d67adc3:not(.resize-by-browser-width) .dt-css-grid,\n.no-cssgridlegacy.no-cssgrid .blog-shortcode.blog-masonry-shortcode-id-9c7148ac66a67942ccc667346d67adc3:not(.resize-by-browser-width) .dt-css-grid {\n  display: flex;\n  flex-flow: row wrap;\n  margin: -15px;\n}\n.cssgridlegacy.no-cssgrid .blog-shortcode.blog-masonry-shortcode-id-9c7148ac66a67942ccc667346d67adc3:not(.resize-by-browser-width) .dt-css-grid .wf-cell,\n.no-cssgridlegacy.no-cssgrid .blog-shortcode.blog-masonry-shortcode-id-9c7148ac66a67942ccc667346d67adc3:not(.resize-by-browser-width) .dt-css-grid .wf-cell {\n  flex: 1 0 ;\n  max-width: 100%;\n  padding: 15px;\n  box-sizing: border-box;\n}\n.blog-shortcode.blog-masonry-shortcode-id-9c7148ac66a67942ccc667346d67adc3.resize-by-browser-width .dt-css-grid {\n  grid-template-columns: repeat(1,1fr);\n  grid-template-rows: auto;\n  grid-column-gap: 30px;\n  grid-row-gap: 30px;\n}\n.blog-shortcode.blog-masonry-shortcode-id-9c7148ac66a67942ccc667346d67adc3.resize-by-browser-width .dt-css-grid .double-width {\n  grid-column: span 2;\n}\n.cssgridlegacy.no-cssgrid .blog-shortcode.blog-masonry-shortcode-id-9c7148ac66a67942ccc667346d67adc3.resize-by-browser-width .dt-css-grid {\n  margin: -15px;\n}\n.cssgridlegacy.no-cssgrid .blog-shortcode.blog-masonry-shortcode-id-9c7148ac66a67942ccc667346d67adc3.resize-by-browser-width .dt-css-grid .wf-cell {\n  width: 100%;\n  padding: 15px;\n}\n.cssgridlegacy.no-cssgrid .blog-shortcode.blog-masonry-shortcode-id-9c7148ac66a67942ccc667346d67adc3.resize-by-browser-width .dt-css-grid .wf-cell.double-width {\n  width: calc(100%) * 2;\n}\n.blog-shortcode.blog-masonry-shortcode-id-9c7148ac66a67942ccc667346d67adc3.resize-by-browser-width:not(.centered-layout-list):not(.content-bg-on) .dt-css-grid {\n  grid-row-gap: 10px;\n}\n@media screen and (max-width: 1199px) {\n  .blog-shortcode.blog-masonry-shortcode-id-9c7148ac66a67942ccc667346d67adc3.resize-by-browser-width .dt-css-grid {\n    grid-template-columns: repeat(1,1fr);\n  }\n  .cssgridlegacy.no-cssgrid .blog-shortcode.blog-masonry-shortcode-id-9c7148ac66a67942ccc667346d67adc3.resize-by-browser-width .dt-css-grid .wf-cell,\n  .no-cssgridlegacy.no-cssgrid .blog-shortcode.blog-masonry-shortcode-id-9c7148ac66a67942ccc667346d67adc3.resize-by-browser-width .dt-css-grid .wf-cell {\n    width: 100%;\n  }\n  .cssgridlegacy.no-cssgrid .blog-shortcode.blog-masonry-shortcode-id-9c7148ac66a67942ccc667346d67adc3.resize-by-browser-width .dt-css-grid .wf-cell.double-width,\n  .no-cssgridlegacy.no-cssgrid .blog-shortcode.blog-masonry-shortcode-id-9c7148ac66a67942ccc667346d67adc3.resize-by-browser-width .dt-css-grid .wf-cell.double-width {\n    width: calc(100%)*2;\n  }\n}\n@media screen and (max-width: 991px) {\n  .blog-shortcode.blog-masonry-shortcode-id-9c7148ac66a67942ccc667346d67adc3.resize-by-browser-width .dt-css-grid {\n    grid-template-columns: repeat(1,1fr);\n  }\n  .cssgridlegacy.no-cssgrid .blog-shortcode.blog-masonry-shortcode-id-9c7148ac66a67942ccc667346d67adc3.resize-by-browser-width .dt-css-grid .wf-cell,\n  .no-cssgridlegacy.no-cssgrid .blog-shortcode.blog-masonry-shortcode-id-9c7148ac66a67942ccc667346d67adc3.resize-by-browser-width .dt-css-grid .wf-cell {\n    width: 100%;\n  }\n  .cssgridlegacy.no-cssgrid .blog-shortcode.blog-masonry-shortcode-id-9c7148ac66a67942ccc667346d67adc3.resize-by-browser-width .dt-css-grid .wf-cell.double-width,\n  .no-cssgridlegacy.no-cssgrid .blog-shortcode.blog-masonry-shortcode-id-9c7148ac66a67942ccc667346d67adc3.resize-by-browser-width .dt-css-grid .wf-cell.double-width {\n    width: calc(100%)*2;\n  }\n}\n@media screen and (max-width: 767px) {\n  .blog-shortcode.blog-masonry-shortcode-id-9c7148ac66a67942ccc667346d67adc3.resize-by-browser-width .dt-css-grid {\n    grid-template-columns: repeat(1,1fr);\n  }\n  .blog-shortcode.blog-masonry-shortcode-id-9c7148ac66a67942ccc667346d67adc3.resize-by-browser-width .dt-css-grid .double-width {\n    grid-column: span 1;\n  }\n  .cssgridlegacy.no-cssgrid .blog-shortcode.blog-masonry-shortcode-id-9c7148ac66a67942ccc667346d67adc3.resize-by-browser-width .dt-css-grid .wf-cell,\n  .no-cssgridlegacy.no-cssgrid .blog-shortcode.blog-masonry-shortcode-id-9c7148ac66a67942ccc667346d67adc3.resize-by-browser-width .dt-css-grid .wf-cell {\n    width: 100%;\n  }\n  .cssgridlegacy.no-cssgrid .blog-shortcode.blog-masonry-shortcode-id-9c7148ac66a67942ccc667346d67adc3.resize-by-browser-width .dt-css-grid .wf-cell.double-width,\n  .no-cssgridlegacy.no-cssgrid .blog-shortcode.blog-masonry-shortcode-id-9c7148ac66a67942ccc667346d67adc3.resize-by-browser-width .dt-css-grid .wf-cell.double-width {\n    width: calc(100%)*2;\n  }\n}<\/style><div class=\"blog-shortcode blog-masonry-shortcode-id-9c7148ac66a67942ccc667346d67adc3 mode-grid classic-layout-list content-bg-on jquery-filter quick-scale-img meta-info-off dt-css-grid-wrap enable-bg-rollover dt-icon-bg-off resize-by-browser-width loading-effect-none description-under-image \" data-padding=\"15px\" data-cur-page=\"1\" data-post-limit=\"-1\" data-pagination-mode=\"none\" data-desktop-columns-num=\"1\" data-v-tablet-columns-num=\"1\" data-h-tablet-columns-num=\"1\" data-phone-columns-num=\"1\" data-width=\"0px\" data-columns=\"0\"><div class=\"dt-css-grid\" ><div class=\"visible wf-cell\" data-post-id=\"58041\" data-date=\"2026-04-18T17:51:31+02:00\" data-name=\"Erfolgreich durch die Radfahrpr\u00fcfung!\"><article class=\"post project-odd visible post-58041 type-post status-publish format-standard has-post-thumbnail hentry category-aktuelles-2025-26 category-452\" data-name=\"Erfolgreich durch die Radfahrpr\u00fcfung!\" data-date=\"2026-04-18T17:51:31+02:00\">\n\n<div class=\"post-thumbnail-wrap\">\n\t<div class=\"post-thumbnail\">\n\t\t\n\t\t\n\t\t<a href=\"https:\/\/asolaa.ac.at\/wordpress\/erfolgreich-durch-die-radfahrpruefung\/\" class=\"post-thumbnail-rollover layzr-bg layzr-bg\" ><img fetchpriority=\"high\" decoding=\"async\" class=\"iso-lazy-load preload-me iso-lazy-load aspect\" src=\"data:image\/svg+xml,%3Csvg%20xmlns%3D&#39;http%3A%2F%2Fwww.w3.org%2F2000%2Fsvg&#39;%20viewBox%3D&#39;0%200%20990%20750&#39;%2F%3E\" data-src=\"https:\/\/asolaa.ac.at\/wordpress\/wp-content\/uploads\/2026\/04\/WhatsApp-Image-2026-04-18-at-17.34.30-990x750.jpeg\" data-srcset=\"https:\/\/asolaa.ac.at\/wordpress\/wp-content\/uploads\/2026\/04\/WhatsApp-Image-2026-04-18-at-17.34.30-990x750.jpeg 990w, https:\/\/asolaa.ac.at\/wordpress\/wp-content\/uploads\/2026\/04\/WhatsApp-Image-2026-04-18-at-17.34.30-1485x1125.jpeg 1485w\" loading=\"eager\" style=\"--ratio: 990 \/ 750\" sizes=\"(max-width: 990px) 100vw, 990px\" alt=\"\" title=\"WhatsApp Image 2026-04-18 at 17.34.30\" width=\"990\" height=\"750\"  \/><\/a>\t<\/div>\n<\/div>\n\n\n<div class=\"post-entry-content\">\n\n\t<h3 class=\"entry-title\">\n\t\t<a href=\"https:\/\/asolaa.ac.at\/wordpress\/erfolgreich-durch-die-radfahrpruefung\/\" title=\"Erfolgreich durch die Radfahrpr\u00fcfung!\" rel=\"bookmark\">Erfolgreich durch die Radfahrpr\u00fcfung!<\/a>\n\t<\/h3>\n\n\t\n\t<div class=\"entry-excerpt\"><p>[vc_row][vc_column][vc_column_text css=&#8220;&#8220;] Am Freitag, den 17. April, absolvierten einige Sch\u00fclerinnen und Sch\u00fcler erfolgreich die Radfahrpr\u00fcfung&hellip;<\/p>\n<\/div>\n\t\n<a href=\"https:\/\/asolaa.ac.at\/wordpress\/erfolgreich-durch-die-radfahrpruefung\/\" class=\"dt-btn-s dt-btn post-details details-type-btn\" aria-label=\"Read more about Erfolgreich durch die Radfahrpr\u00fcfung!\">weiterlesen<i class=\"dt-icon-the7-arrow-03\" aria-hidden=\"true\"><\/i><\/a>\n\n<\/div><\/article><\/div><\/div><!-- iso-container|iso-grid --><\/div>[\/vc_column_inner][\/vc_row_inner][vc_empty_space height=&#8220;48px&#8220;][\/vc_column][vc_column width=&#8220;1\/2&#8243;][vc_column_text css=&#8220;.vc_custom_1655404167780{margin-top: 8px !important;margin-bottom: 0px !important;border-bottom-width: 0px !important;padding-bottom: 0px !important;}&#8220;]<\/p>\n<p class=\"has-large-font-size\" style=\"text-align: center;\"><strong>MEN\u00dcPLAN<\/strong><\/p>\n<p>[\/vc_column_text][vc_separator color=&#8220;custom&#8220; border_width=&#8220;2&#8243; el_width=&#8220;40&#8243; css=&#8220;.vc_custom_1655398965301{margin-top: 0px !important;border-top-width: 6px !important;padding-top: 6px !important;}&#8220; accent_color=&#8220;#fbbf23&#8243;][vc_column_text css=&#8220;.vc_custom_1655402302789{margin-top: -10px !important;}&#8220;]<div class='w3eden'><!-- WPDM Link Template: Default Template -->\n\n<div class=\"link-template-default card mb-2\">\n    <div class=\"card-body\">\n        <div class=\"media\">\n            <div class=\"mr-3 img-48\"><img decoding=\"async\" class=\"wpdm_icon\" alt=\"Icon\"   src=\"http:\/\/asolaa.ac.at\/wordpress\/wp-content\/plugins\/download-manager\/assets\/file-type-icons\/pdf.png\" \/><\/div>\n            <div class=\"media-body\">\n                <h3 class=\"package-title\"><a href='https:\/\/asolaa.ac.at\/wordpress\/download\/menueplan-mai\/'>Men\u00fcplan Mai<\/a><\/h3>\n                <div class=\"text-muted text-small\"><i class=\"fas fa-copy\"><\/i> 1 Datei(en) <i class=\"fas fa-hdd ml-3\"><\/i> 130 kB<\/div>\n            <\/div>\n            <div class=\"ml-3\">\n                <a class='wpdm-download-link download-on-click btn btn-primary ' rel='nofollow' href='#' data-downloadurl=\"https:\/\/asolaa.ac.at\/wordpress\/download\/menueplan-mai\/?wpdmdl=1894&refresh=69f7040f81e8f1777796111\">Download<\/a>\n            <\/div>\n        <\/div>\n    <\/div>\n<\/div>\n\n<\/div>[\/vc_column_text][vc_empty_space height=&#8220;12px&#8220;][vc_column_text css=&#8220;.vc_custom_1655404163330{margin-top: 8px !important;margin-bottom: 0px !important;border-bottom-width: 0px !important;padding-bottom: 0px !important;}&#8220;]<\/p>\n<p class=\"has-large-font-size\" style=\"text-align: center;\"><strong>KONTAKT<\/strong><\/p>\n<p>[\/vc_column_text][vc_separator color=&#8220;custom&#8220; border_width=&#8220;2&#8243; el_width=&#8220;40&#8243; css=&#8220;.vc_custom_1655398965301{margin-top: 0px !important;border-top-width: 6px !important;padding-top: 6px !important;}&#8220; accent_color=&#8220;#fbbf23&#8243;][vc_column_text css=&#8220;.vc_custom_1655975665054{margin-top: -10px !important;padding-top: 20px !important;padding-right: 20px !important;padding-bottom: 20px !important;padding-left: 20px !important;background-color: #ffffff !important;}&#8220;]<\/p>\n<h3>Allgemeine Sonderschule Laa an der Thaya<\/h3>\n<p>Anton Bruckner-Stra\u00dfe 1-3<br \/>\n2136 Laa an der Thaya<\/p>\n<p>Telefon + Fax: 02522\/8303<br \/>\nE-Mail: <a href=\"mailto:aso.laa-thaya@noeschule.at\" target=\"_blank\" rel=\"noopener\">aso.laa-thaya@noeschule.at<\/a>[\/vc_column_text][vc_empty_space][\/vc_column][\/vc_row]<\/p>\n<\/div>","protected":false},"excerpt":{"rendered":"<p>[vc_row css=&#8220;.vc_custom_1655398284143{margin-top: 36px !important;padding-top: 8px !important;}&#8220;][vc_column width=&#8220;1\/2&#8243;][vc_column_text css=&#8220;.vc_custom_1655399236377{margin-top: 8px !important;margin-bottom: 0px !important;border-bottom-width: 0px !important;padding-bottom: 0px !important;}&#8220;] aktueller BERICHT [\/vc_column_text][vc_separator color=&#8220;custom&#8220; border_width=&#8220;2&#8243; el_width=&#8220;40&#8243; css=&#8220;.vc_custom_1655398965301{margin-top: 0px !important;border-top-width: 6px !important;padding-top: 6px !important;}&#8220; accent_color=&#8220;#fbbf23&#8243;][vc_row_inner css=&#8220;.vc_custom_1655398930615{margin-top: -10px !important;}&#8220;][vc_column_inner][\/vc_column_inner][\/vc_row_inner][vc_empty_space height=&#8220;48px&#8220;][\/vc_column][vc_column width=&#8220;1\/2&#8243;][vc_column_text css=&#8220;.vc_custom_1655404167780{margin-top: 8px !important;margin-bottom: 0px !important;border-bottom-width: 0px !important;padding-bottom: 0px !important;}&#8220;] MEN\u00dcPLAN [\/vc_column_text][vc_separator color=&#8220;custom&#8220; border_width=&#8220;2&#8243; el_width=&#8220;40&#8243; css=&#8220;.vc_custom_1655398965301{margin-top: 0px !important;border-top-width: 6px !important;padding-top: 6px&hellip;<\/p>\n","protected":false},"author":1,"featured_media":0,"parent":0,"menu_order":0,"comment_status":"closed","ping_status":"closed","template":"","meta":{"footnotes":""},"class_list":["post-363","page","type-page","status-publish","hentry","description-off"],"aioseo_notices":[],"_links":{"self":[{"href":"https:\/\/asolaa.ac.at\/wordpress\/wp-json\/wp\/v2\/pages\/363","targetHints":{"allow":["GET"]}}],"collection":[{"href":"https:\/\/asolaa.ac.at\/wordpress\/wp-json\/wp\/v2\/pages"}],"about":[{"href":"https:\/\/asolaa.ac.at\/wordpress\/wp-json\/wp\/v2\/types\/page"}],"author":[{"embeddable":true,"href":"https:\/\/asolaa.ac.at\/wordpress\/wp-json\/wp\/v2\/users\/1"}],"replies":[{"embeddable":true,"href":"https:\/\/asolaa.ac.at\/wordpress\/wp-json\/wp\/v2\/comments?post=363"}],"version-history":[{"count":107,"href":"https:\/\/asolaa.ac.at\/wordpress\/wp-json\/wp\/v2\/pages\/363\/revisions"}],"predecessor-version":[{"id":57958,"href":"https:\/\/asolaa.ac.at\/wordpress\/wp-json\/wp\/v2\/pages\/363\/revisions\/57958"}],"wp:attachment":[{"href":"https:\/\/asolaa.ac.at\/wordpress\/wp-json\/wp\/v2\/media?parent=363"}],"curies":[{"name":"wp","href":"https:\/\/api.w.org\/{rel}","templated":true}]}}